{"id":2880,"date":"2025-08-01T13:44:51","date_gmt":"2025-08-01T16:44:51","guid":{"rendered":"https:\/\/minimundo.cl\/?product=silla-de-comer-bebe-babyway"},"modified":"2025-11-03T16:10:06","modified_gmt":"2025-11-03T19:10:06","slug":"silla-de-comer-bebe-babyway","status":"publish","type":"product","link":"https:\/\/minimundo.cl\/?product=silla-de-comer-bebe-babyway","title":{"rendered":"Silla de Comer BabyWay"},"content":{"rendered":"<p>Vanguardia para la hora de la comida de tu beb\u00e9. Comodidad sinigual para mantenerlo en un estado de \u00e1nimo \u00f3ptimo. Prueba la tecnolog\u00eda y clase que Baby Way tiene para ti y tu peque\u00f1o con la silla de comer en su modelo Monster. Estructura s\u00f3lida que se desenvolver\u00e1 de manera pr\u00e1ctica a la hora de sus meriendas. \u00a1Encuentra esta genial apuesta de Baby Way!<br \/>\nPeso m\u00e1ximo permitido: 18 Kg.<br \/>\nAsiento ajustable: 3 posiciones.<br \/>\nPosa vasos: S\u00ed.<br \/>\nMaterial: Acero y pl\u00e1stico de alta densidad.<br \/>\nColor: Multicolor.<br \/>\nDimensiones del producto: 55 x 105 x 75 cm (Ancho x Alto x Profundidad).<\/p>\n","protected":false},"excerpt":{"rendered":"<p>Silla de Comer Bebe BabyWay<\/p>\n","protected":false},"featured_media":2775,"comment_status":"open","ping_status":"closed","template":"","meta":{"_monsterinsights_skip_tracking":false,"_monsterinsights_sitenote_active":false,"_monsterinsights_sitenote_note":"","_monsterinsights_sitenote_category":0},"product_brand":[],"product_cat":[16],"product_tag":[],"class_list":{"0":"post-2880","1":"product","2":"type-product","3":"status-publish","6":"product_cat-accesorios","8":"first","9":"instock","10":"sale","11":"featured","12":"shipping-taxable","13":"purchasable","14":"product-type-simple"},"_links":{"self":[{"href":"https:\/\/minimundo.cl\/index.php?rest_route=\/wp\/v2\/product\/2880","targetHints":{"allow":["GET"]}}],"collection":[{"href":"https:\/\/minimundo.cl\/index.php?rest_route=\/wp\/v2\/product"}],"about":[{"href":"https:\/\/minimundo.cl\/index.php?rest_route=\/wp\/v2\/types\/product"}],"replies":[{"embeddable":true,"href":"https:\/\/minimundo.cl\/index.php?rest_route=%2Fwp%2Fv2%2Fcomments&post=2880"}],"wp:featuredmedia":[{"embeddable":true,"href":"https:\/\/minimundo.cl\/index.php?rest_route=\/wp\/v2\/media\/2775"}],"wp:attachment":[{"href":"https:\/\/minimundo.cl\/index.php?rest_route=%2Fwp%2Fv2%2Fmedia&parent=2880"}],"wp:term":[{"taxonomy":"product_brand","embeddable":true,"href":"https:\/\/minimundo.cl\/index.php?rest_route=%2Fwp%2Fv2%2Fproduct_brand&post=2880"},{"taxonomy":"product_cat","embeddable":true,"href":"https:\/\/minimundo.cl\/index.php?rest_route=%2Fwp%2Fv2%2Fproduct_cat&post=2880"},{"taxonomy":"product_tag","embeddable":true,"href":"https:\/\/minimundo.cl\/index.php?rest_route=%2Fwp%2Fv2%2Fproduct_tag&post=2880"}],"curies":[{"name":"wp","href":"https:\/\/api.w.org\/{rel}","templated":true}]}}