{"id":2860,"date":"2025-08-01T13:44:47","date_gmt":"2025-08-01T16:44:47","guid":{"rendered":"https:\/\/minimundo.cl\/?product=magnetico-45-pcs"},"modified":"2025-11-03T16:01:26","modified_gmt":"2025-11-03T19:01:26","slug":"magnetico-45-pcs","status":"publish","type":"product","link":"https:\/\/minimundo.cl\/?product=magnetico-45-pcs","title":{"rendered":"Magnetico 45 PCS"},"content":{"rendered":"<p>Set de construcci\u00f3n magn\u00e9tico con 45 piezas. Ideal para fomentar la imaginaci\u00f3n y la resoluci\u00f3n de problemas.<\/p>\n","protected":false},"excerpt":{"rendered":"<p>Magnetico 45 PCS<\/p>\n","protected":false},"featured_media":3391,"comment_status":"open","ping_status":"closed","template":"","meta":{"_monsterinsights_skip_tracking":false,"_monsterinsights_sitenote_active":false,"_monsterinsights_sitenote_note":"","_monsterinsights_sitenote_category":0},"product_brand":[],"product_cat":[42],"product_tag":[],"class_list":{"0":"post-2860","1":"product","2":"type-product","3":"status-publish","6":"product_cat-juegosdidacticos","8":"first","9":"instock","10":"sale","11":"shipping-taxable","12":"purchasable","13":"product-type-simple"},"_links":{"self":[{"href":"https:\/\/minimundo.cl\/index.php?rest_route=\/wp\/v2\/product\/2860","targetHints":{"allow":["GET"]}}],"collection":[{"href":"https:\/\/minimundo.cl\/index.php?rest_route=\/wp\/v2\/product"}],"about":[{"href":"https:\/\/minimundo.cl\/index.php?rest_route=\/wp\/v2\/types\/product"}],"replies":[{"embeddable":true,"href":"https:\/\/minimundo.cl\/index.php?rest_route=%2Fwp%2Fv2%2Fcomments&post=2860"}],"wp:featuredmedia":[{"embeddable":true,"href":"https:\/\/minimundo.cl\/index.php?rest_route=\/wp\/v2\/media\/3391"}],"wp:attachment":[{"href":"https:\/\/minimundo.cl\/index.php?rest_route=%2Fwp%2Fv2%2Fmedia&parent=2860"}],"wp:term":[{"taxonomy":"product_brand","embeddable":true,"href":"https:\/\/minimundo.cl\/index.php?rest_route=%2Fwp%2Fv2%2Fproduct_brand&post=2860"},{"taxonomy":"product_cat","embeddable":true,"href":"https:\/\/minimundo.cl\/index.php?rest_route=%2Fwp%2Fv2%2Fproduct_cat&post=2860"},{"taxonomy":"product_tag","embeddable":true,"href":"https:\/\/minimundo.cl\/index.php?rest_route=%2Fwp%2Fv2%2Fproduct_tag&post=2860"}],"curies":[{"name":"wp","href":"https:\/\/api.w.org\/{rel}","templated":true}]}}