{"id":2849,"date":"2025-08-01T13:44:38","date_gmt":"2025-08-01T16:44:38","guid":{"rendered":"https:\/\/minimundo.cl\/?product=laberinto-grande"},"modified":"2025-11-03T15:47:13","modified_gmt":"2025-11-03T18:47:13","slug":"laberinto-grande","status":"publish","type":"product","link":"https:\/\/minimundo.cl\/?product=laberinto-grande","title":{"rendered":"Laberinto Grande"},"content":{"rendered":"<p>Laberinto de madera de gran tama\u00f1o con piezas m\u00f3viles que ayudan a desarrollar la motricidad fina y la coordinaci\u00f3n ojo-mano de forma divertida.<\/p>\n","protected":false},"excerpt":{"rendered":"<p>Laberinto Grande<\/p>\n","protected":false},"featured_media":2739,"comment_status":"open","ping_status":"closed","template":"","meta":{"_monsterinsights_skip_tracking":false,"_monsterinsights_sitenote_active":false,"_monsterinsights_sitenote_note":"","_monsterinsights_sitenote_category":0},"product_brand":[],"product_cat":[42],"product_tag":[],"class_list":{"0":"post-2849","1":"product","2":"type-product","3":"status-publish","6":"product_cat-juegosdidacticos","8":"first","9":"instock","10":"shipping-taxable","11":"purchasable","12":"product-type-simple"},"_links":{"self":[{"href":"https:\/\/minimundo.cl\/index.php?rest_route=\/wp\/v2\/product\/2849","targetHints":{"allow":["GET"]}}],"collection":[{"href":"https:\/\/minimundo.cl\/index.php?rest_route=\/wp\/v2\/product"}],"about":[{"href":"https:\/\/minimundo.cl\/index.php?rest_route=\/wp\/v2\/types\/product"}],"replies":[{"embeddable":true,"href":"https:\/\/minimundo.cl\/index.php?rest_route=%2Fwp%2Fv2%2Fcomments&post=2849"}],"wp:featuredmedia":[{"embeddable":true,"href":"https:\/\/minimundo.cl\/index.php?rest_route=\/wp\/v2\/media\/2739"}],"wp:attachment":[{"href":"https:\/\/minimundo.cl\/index.php?rest_route=%2Fwp%2Fv2%2Fmedia&parent=2849"}],"wp:term":[{"taxonomy":"product_brand","embeddable":true,"href":"https:\/\/minimundo.cl\/index.php?rest_route=%2Fwp%2Fv2%2Fproduct_brand&post=2849"},{"taxonomy":"product_cat","embeddable":true,"href":"https:\/\/minimundo.cl\/index.php?rest_route=%2Fwp%2Fv2%2Fproduct_cat&post=2849"},{"taxonomy":"product_tag","embeddable":true,"href":"https:\/\/minimundo.cl\/index.php?rest_route=%2Fwp%2Fv2%2Fproduct_tag&post=2849"}],"curies":[{"name":"wp","href":"https:\/\/api.w.org\/{rel}","templated":true}]}}