{"id":2841,"date":"2025-08-01T13:44:36","date_gmt":"2025-08-01T16:44:36","guid":{"rendered":"https:\/\/minimundo.cl\/?product=espantacuco-animalitos"},"modified":"2025-08-07T00:32:53","modified_gmt":"2025-08-07T03:32:53","slug":"espantacuco-animalitos","status":"publish","type":"product","link":"https:\/\/minimundo.cl\/?product=espantacuco-animalitos","title":{"rendered":"Espantacuco Animalitos"},"content":{"rendered":"<p>Espantacuco que proyecta luces y emite sonidos suaves. Ayuda a tranquilizar al beb\u00e9 durante la noche, fomentando un sue\u00f1o m\u00e1s placentero.<\/p>\n","protected":false},"excerpt":{"rendered":"<p>Espantacuco<\/p>\n","protected":false},"featured_media":2729,"comment_status":"open","ping_status":"closed","template":"","meta":{"_monsterinsights_skip_tracking":false,"_monsterinsights_sitenote_active":false,"_monsterinsights_sitenote_note":"","_monsterinsights_sitenote_category":0},"product_brand":[],"product_cat":[20],"product_tag":[],"class_list":{"0":"post-2841","1":"product","2":"type-product","3":"status-publish","6":"product_cat-entretencion","8":"first","9":"instock","10":"shipping-taxable","11":"purchasable","12":"product-type-variable"},"_links":{"self":[{"href":"https:\/\/minimundo.cl\/index.php?rest_route=\/wp\/v2\/product\/2841","targetHints":{"allow":["GET"]}}],"collection":[{"href":"https:\/\/minimundo.cl\/index.php?rest_route=\/wp\/v2\/product"}],"about":[{"href":"https:\/\/minimundo.cl\/index.php?rest_route=\/wp\/v2\/types\/product"}],"replies":[{"embeddable":true,"href":"https:\/\/minimundo.cl\/index.php?rest_route=%2Fwp%2Fv2%2Fcomments&post=2841"}],"wp:featuredmedia":[{"embeddable":true,"href":"https:\/\/minimundo.cl\/index.php?rest_route=\/wp\/v2\/media\/2729"}],"wp:attachment":[{"href":"https:\/\/minimundo.cl\/index.php?rest_route=%2Fwp%2Fv2%2Fmedia&parent=2841"}],"wp:term":[{"taxonomy":"product_brand","embeddable":true,"href":"https:\/\/minimundo.cl\/index.php?rest_route=%2Fwp%2Fv2%2Fproduct_brand&post=2841"},{"taxonomy":"product_cat","embeddable":true,"href":"https:\/\/minimundo.cl\/index.php?rest_route=%2Fwp%2Fv2%2Fproduct_cat&post=2841"},{"taxonomy":"product_tag","embeddable":true,"href":"https:\/\/minimundo.cl\/index.php?rest_route=%2Fwp%2Fv2%2Fproduct_tag&post=2841"}],"curies":[{"name":"wp","href":"https:\/\/api.w.org\/{rel}","templated":true}]}}