{"id":2839,"date":"2025-08-01T13:44:35","date_gmt":"2025-08-01T16:44:35","guid":{"rendered":"https:\/\/minimundo.cl\/?product=extractor-de-leche-materna-electrico"},"modified":"2025-11-03T15:50:57","modified_gmt":"2025-11-03T18:50:57","slug":"extractor-de-leche-materna-electrico","status":"publish","type":"product","link":"https:\/\/minimundo.cl\/?product=extractor-de-leche-materna-electrico","title":{"rendered":"Extractor de leche materna el\u00e9ctrico"},"content":{"rendered":"<p>Extractor el\u00e9ctrico compacto, silencioso y potente. Con diferentes niveles de succi\u00f3n y almohadillas suaves para mayor comodidad. Ideal para madres que buscan eficiencia y confort. Saca Leche Extractor Materno Electronico 180ml. Modelo Electrico recagable usb tipo C.<\/p>\n","protected":false},"excerpt":{"rendered":"<p>Extractor de leche materna el\u00e9ctrico<\/p>\n","protected":false},"featured_media":2733,"comment_status":"open","ping_status":"closed","template":"","meta":{"_monsterinsights_skip_tracking":false,"_monsterinsights_sitenote_active":false,"_monsterinsights_sitenote_note":"","_monsterinsights_sitenote_category":0},"product_brand":[],"product_cat":[27],"product_tag":[],"class_list":{"0":"post-2839","1":"product","2":"type-product","3":"status-publish","6":"product_cat-mama","8":"first","9":"instock","10":"featured","11":"shipping-taxable","12":"purchasable","13":"product-type-simple"},"_links":{"self":[{"href":"https:\/\/minimundo.cl\/index.php?rest_route=\/wp\/v2\/product\/2839","targetHints":{"allow":["GET"]}}],"collection":[{"href":"https:\/\/minimundo.cl\/index.php?rest_route=\/wp\/v2\/product"}],"about":[{"href":"https:\/\/minimundo.cl\/index.php?rest_route=\/wp\/v2\/types\/product"}],"replies":[{"embeddable":true,"href":"https:\/\/minimundo.cl\/index.php?rest_route=%2Fwp%2Fv2%2Fcomments&post=2839"}],"wp:featuredmedia":[{"embeddable":true,"href":"https:\/\/minimundo.cl\/index.php?rest_route=\/wp\/v2\/media\/2733"}],"wp:attachment":[{"href":"https:\/\/minimundo.cl\/index.php?rest_route=%2Fwp%2Fv2%2Fmedia&parent=2839"}],"wp:term":[{"taxonomy":"product_brand","embeddable":true,"href":"https:\/\/minimundo.cl\/index.php?rest_route=%2Fwp%2Fv2%2Fproduct_brand&post=2839"},{"taxonomy":"product_cat","embeddable":true,"href":"https:\/\/minimundo.cl\/index.php?rest_route=%2Fwp%2Fv2%2Fproduct_cat&post=2839"},{"taxonomy":"product_tag","embeddable":true,"href":"https:\/\/minimundo.cl\/index.php?rest_route=%2Fwp%2Fv2%2Fproduct_tag&post=2839"}],"curies":[{"name":"wp","href":"https:\/\/api.w.org\/{rel}","templated":true}]}}