{"id":2837,"date":"2025-08-01T13:44:33","date_gmt":"2025-08-01T16:44:33","guid":{"rendered":"https:\/\/minimundo.cl\/?product=set-de-alimentacion-5-piezas"},"modified":"2025-11-03T15:52:19","modified_gmt":"2025-11-03T18:52:19","slug":"set-de-alimentacion-5-piezas","status":"publish","type":"product","link":"https:\/\/minimundo.cl\/?product=set-de-alimentacion-5-piezas","title":{"rendered":"Set de alimentaci\u00f3n 5 piezas"},"content":{"rendered":"<p>Pr\u00e1ctico set de alimentaci\u00f3n que incluye: 1 cuchara, 1 tenedor, 1 babero, 1 plato y 1 vaso con bombilla. Dise\u00f1ado en materiales seguros, sin BPA, y con dise\u00f1os divertidos para estimular al beb\u00e9 durante las comidas. Es apto para su uso en microondas, hornos y refrigeradores, soportando temperaturas extremas que van desde los -40 \u00b0C hasta los 240 \u00b0C.<br \/>\nMaterial: Silicona resistente, libre de BPA.<br \/>\nCompatible con microondas, hornos y refrigeradores.<br \/>\nResistencia a temperaturas entre -40 \u00b0C y 240 \u00b0C.<br \/>\nPresentaci\u00f3n en una caja atractiva para su almacenamiento.<br \/>\nSeguridad y durabilidad gracias a su material libre de BPA.<br \/>\nVersatilidad al poder usarse en diversas situaciones, como en microondas y refrigeradores.<br \/>\nFacilita la alimentaci\u00f3n del beb\u00e9 con utensilios adaptados a su tama\u00f1o y necesidades.<\/p>\n","protected":false},"excerpt":{"rendered":"<p>Set de alimentaci\u00f3n 5 piezas<\/p>\n","protected":false},"featured_media":2773,"comment_status":"open","ping_status":"closed","template":"","meta":{"_monsterinsights_skip_tracking":false,"_monsterinsights_sitenote_active":false,"_monsterinsights_sitenote_note":"","_monsterinsights_sitenote_category":0},"product_brand":[],"product_cat":[16],"product_tag":[],"class_list":{"0":"post-2837","1":"product","2":"type-product","3":"status-publish","6":"product_cat-accesorios","8":"first","9":"instock","10":"shipping-taxable","11":"purchasable","12":"product-type-simple"},"_links":{"self":[{"href":"https:\/\/minimundo.cl\/index.php?rest_route=\/wp\/v2\/product\/2837","targetHints":{"allow":["GET"]}}],"collection":[{"href":"https:\/\/minimundo.cl\/index.php?rest_route=\/wp\/v2\/product"}],"about":[{"href":"https:\/\/minimundo.cl\/index.php?rest_route=\/wp\/v2\/types\/product"}],"replies":[{"embeddable":true,"href":"https:\/\/minimundo.cl\/index.php?rest_route=%2Fwp%2Fv2%2Fcomments&post=2837"}],"wp:featuredmedia":[{"embeddable":true,"href":"https:\/\/minimundo.cl\/index.php?rest_route=\/wp\/v2\/media\/2773"}],"wp:attachment":[{"href":"https:\/\/minimundo.cl\/index.php?rest_route=%2Fwp%2Fv2%2Fmedia&parent=2837"}],"wp:term":[{"taxonomy":"product_brand","embeddable":true,"href":"https:\/\/minimundo.cl\/index.php?rest_route=%2Fwp%2Fv2%2Fproduct_brand&post=2837"},{"taxonomy":"product_cat","embeddable":true,"href":"https:\/\/minimundo.cl\/index.php?rest_route=%2Fwp%2Fv2%2Fproduct_cat&post=2837"},{"taxonomy":"product_tag","embeddable":true,"href":"https:\/\/minimundo.cl\/index.php?rest_route=%2Fwp%2Fv2%2Fproduct_tag&post=2837"}],"curies":[{"name":"wp","href":"https:\/\/api.w.org\/{rel}","templated":true}]}}