{"id":2836,"date":"2025-08-01T13:44:33","date_gmt":"2025-08-01T16:44:33","guid":{"rendered":"https:\/\/minimundo.cl\/?product=pelotas-sensoriales-para-bebes"},"modified":"2025-11-03T15:51:40","modified_gmt":"2025-11-03T18:51:40","slug":"pelotas-sensoriales-para-bebes","status":"publish","type":"product","link":"https:\/\/minimundo.cl\/?product=pelotas-sensoriales-para-bebes","title":{"rendered":"Pelotas sensoriales para beb\u00e9s"},"content":{"rendered":"<p>Juego de 4 pelotas sensoriales Babys Toys con distintas texturas, colores y formas que estimulan el desarrollo t\u00e1ctil, visual y motor del beb\u00e9. Suaves y seguras, son ideales para bebes de +3 a\u00f1os.<\/p>\n","protected":false},"excerpt":{"rendered":"<p>Pelotas sensoriales para beb\u00e9s<\/p>\n","protected":false},"featured_media":2760,"comment_status":"open","ping_status":"closed","template":"","meta":{"_monsterinsights_skip_tracking":false,"_monsterinsights_sitenote_active":false,"_monsterinsights_sitenote_note":"","_monsterinsights_sitenote_category":0},"product_brand":[],"product_cat":[42],"product_tag":[],"class_list":{"0":"post-2836","1":"product","2":"type-product","3":"status-publish","6":"product_cat-juegosdidacticos","8":"first","9":"instock","10":"featured","11":"shipping-taxable","12":"purchasable","13":"product-type-simple"},"_links":{"self":[{"href":"https:\/\/minimundo.cl\/index.php?rest_route=\/wp\/v2\/product\/2836","targetHints":{"allow":["GET"]}}],"collection":[{"href":"https:\/\/minimundo.cl\/index.php?rest_route=\/wp\/v2\/product"}],"about":[{"href":"https:\/\/minimundo.cl\/index.php?rest_route=\/wp\/v2\/types\/product"}],"replies":[{"embeddable":true,"href":"https:\/\/minimundo.cl\/index.php?rest_route=%2Fwp%2Fv2%2Fcomments&post=2836"}],"wp:featuredmedia":[{"embeddable":true,"href":"https:\/\/minimundo.cl\/index.php?rest_route=\/wp\/v2\/media\/2760"}],"wp:attachment":[{"href":"https:\/\/minimundo.cl\/index.php?rest_route=%2Fwp%2Fv2%2Fmedia&parent=2836"}],"wp:term":[{"taxonomy":"product_brand","embeddable":true,"href":"https:\/\/minimundo.cl\/index.php?rest_route=%2Fwp%2Fv2%2Fproduct_brand&post=2836"},{"taxonomy":"product_cat","embeddable":true,"href":"https:\/\/minimundo.cl\/index.php?rest_route=%2Fwp%2Fv2%2Fproduct_cat&post=2836"},{"taxonomy":"product_tag","embeddable":true,"href":"https:\/\/minimundo.cl\/index.php?rest_route=%2Fwp%2Fv2%2Fproduct_tag&post=2836"}],"curies":[{"name":"wp","href":"https:\/\/api.w.org\/{rel}","templated":true}]}}