{"id":2835,"date":"2025-08-01T13:44:32","date_gmt":"2025-08-01T16:44:32","guid":{"rendered":"https:\/\/minimundo.cl\/?product=bolso-cuna-portatil"},"modified":"2025-08-01T13:44:33","modified_gmt":"2025-08-01T16:44:33","slug":"bolso-cuna-portatil","status":"publish","type":"product","link":"https:\/\/minimundo.cl\/?product=bolso-cuna-portatil","title":{"rendered":"Bolso Cuna Portatil"},"content":{"rendered":"<p>Este bolso 2 en 1 se transforma f\u00e1cilmente en una cuna port\u00e1til, perfecta para viajes o siestas fuera de casa. Incluye cambiador, espacio para pa\u00f1ales y compartimientos m\u00faltiples. Seguridad y funcionalidad para tu beb\u00e9 donde sea que vayas.<\/p>\n","protected":false},"excerpt":{"rendered":"<p>Bolso Cuna Portatil<\/p>\n","protected":false},"featured_media":2808,"comment_status":"open","ping_status":"closed","template":"","meta":{"_monsterinsights_skip_tracking":false,"_monsterinsights_sitenote_active":false,"_monsterinsights_sitenote_note":"","_monsterinsights_sitenote_category":0},"product_brand":[],"product_cat":[27],"product_tag":[],"class_list":{"0":"post-2835","1":"product","2":"type-product","3":"status-publish","6":"product_cat-mama","8":"first","9":"instock","10":"shipping-taxable","11":"purchasable","12":"product-type-simple"},"_links":{"self":[{"href":"https:\/\/minimundo.cl\/index.php?rest_route=\/wp\/v2\/product\/2835","targetHints":{"allow":["GET"]}}],"collection":[{"href":"https:\/\/minimundo.cl\/index.php?rest_route=\/wp\/v2\/product"}],"about":[{"href":"https:\/\/minimundo.cl\/index.php?rest_route=\/wp\/v2\/types\/product"}],"replies":[{"embeddable":true,"href":"https:\/\/minimundo.cl\/index.php?rest_route=%2Fwp%2Fv2%2Fcomments&post=2835"}],"wp:featuredmedia":[{"embeddable":true,"href":"https:\/\/minimundo.cl\/index.php?rest_route=\/wp\/v2\/media\/2808"}],"wp:attachment":[{"href":"https:\/\/minimundo.cl\/index.php?rest_route=%2Fwp%2Fv2%2Fmedia&parent=2835"}],"wp:term":[{"taxonomy":"product_brand","embeddable":true,"href":"https:\/\/minimundo.cl\/index.php?rest_route=%2Fwp%2Fv2%2Fproduct_brand&post=2835"},{"taxonomy":"product_cat","embeddable":true,"href":"https:\/\/minimundo.cl\/index.php?rest_route=%2Fwp%2Fv2%2Fproduct_cat&post=2835"},{"taxonomy":"product_tag","embeddable":true,"href":"https:\/\/minimundo.cl\/index.php?rest_route=%2Fwp%2Fv2%2Fproduct_tag&post=2835"}],"curies":[{"name":"wp","href":"https:\/\/api.w.org\/{rel}","templated":true}]}}