{"id":2832,"date":"2025-08-01T13:44:32","date_gmt":"2025-08-01T16:44:32","guid":{"rendered":"https:\/\/minimundo.cl\/?product=mochila-maternal-mod"},"modified":"2026-03-24T22:59:28","modified_gmt":"2026-03-25T01:59:28","slug":"mochila-maternal-mod","status":"publish","type":"product","link":"https:\/\/minimundo.cl\/?product=mochila-maternal-mod","title":{"rendered":"Mochila maternal cuna con puerto USB"},"content":{"rendered":"<p>Una versi\u00f3n moderna y elegante de la cl\u00e1sica mochila maternal. Incluye compartimientos funcionales, dise\u00f1o ergon\u00f3mico y materiales de alta calidad. Su estilo se adapta perfectamente a cualquier ocasi\u00f3n.<\/p>\n<p>&nbsp;<\/p>\n<p>Contiene:<\/p>\n<p>Almohadilla 33*72 cm.<\/p>\n<p>Puerto de carga USB.<\/p>\n<p>Material oxford impermeable.<\/p>\n<p>Capacidad: 20-35L<\/p>\n<p>Medidas: 40*31*20.<\/p>\n<p>Capacidad: 20-35L<\/p>\n","protected":false},"excerpt":{"rendered":"<p>Bolso cuna maternal con compartimentos y bolsillo termico para mamaderas. Al extenderse se transforma en cuna.<\/p>\n","protected":false},"featured_media":3470,"comment_status":"open","ping_status":"closed","template":"","meta":{"_monsterinsights_skip_tracking":false,"_monsterinsights_sitenote_active":false,"_monsterinsights_sitenote_note":"","_monsterinsights_sitenote_category":0},"product_brand":[],"product_cat":[27],"product_tag":[],"class_list":{"0":"post-2832","1":"product","2":"type-product","3":"status-publish","6":"product_cat-mama","8":"first","9":"instock","10":"sale","11":"shipping-taxable","12":"purchasable","13":"product-type-variable"},"_links":{"self":[{"href":"https:\/\/minimundo.cl\/index.php?rest_route=\/wp\/v2\/product\/2832","targetHints":{"allow":["GET"]}}],"collection":[{"href":"https:\/\/minimundo.cl\/index.php?rest_route=\/wp\/v2\/product"}],"about":[{"href":"https:\/\/minimundo.cl\/index.php?rest_route=\/wp\/v2\/types\/product"}],"replies":[{"embeddable":true,"href":"https:\/\/minimundo.cl\/index.php?rest_route=%2Fwp%2Fv2%2Fcomments&post=2832"}],"wp:featuredmedia":[{"embeddable":true,"href":"https:\/\/minimundo.cl\/index.php?rest_route=\/wp\/v2\/media\/3470"}],"wp:attachment":[{"href":"https:\/\/minimundo.cl\/index.php?rest_route=%2Fwp%2Fv2%2Fmedia&parent=2832"}],"wp:term":[{"taxonomy":"product_brand","embeddable":true,"href":"https:\/\/minimundo.cl\/index.php?rest_route=%2Fwp%2Fv2%2Fproduct_brand&post=2832"},{"taxonomy":"product_cat","embeddable":true,"href":"https:\/\/minimundo.cl\/index.php?rest_route=%2Fwp%2Fv2%2Fproduct_cat&post=2832"},{"taxonomy":"product_tag","embeddable":true,"href":"https:\/\/minimundo.cl\/index.php?rest_route=%2Fwp%2Fv2%2Fproduct_tag&post=2832"}],"curies":[{"name":"wp","href":"https:\/\/api.w.org\/{rel}","templated":true}]}}