{"id":2825,"date":"2025-08-01T13:44:30","date_gmt":"2025-08-01T16:44:30","guid":{"rendered":"https:\/\/minimundo.cl\/?product=bolso-maternal-estampado-con-cambiador"},"modified":"2025-08-07T00:56:38","modified_gmt":"2025-08-07T03:56:38","slug":"bolso-maternal-estampado-con-cambiador","status":"publish","type":"product","link":"https:\/\/minimundo.cl\/?product=bolso-maternal-estampado-con-cambiador","title":{"rendered":"Bolso maternal estampado con cambiador"},"content":{"rendered":"<p>Bolso maternal con hermoso estampado y pr\u00e1ctico cambiador port\u00e1til incluido. Sus m\u00faltiples bolsillos internos y externos te permiten organizar todo lo necesario para tu beb\u00e9. Ideal para salidas largas o cortas, ofrece comodidad y rapidez al momento de cambiar a tu beb\u00e9.<\/p>\n","protected":false},"excerpt":{"rendered":"<p>Bolso maternal estampado con cambiador<\/p>\n","protected":false},"featured_media":2811,"comment_status":"open","ping_status":"closed","template":"","meta":{"_monsterinsights_skip_tracking":false,"_monsterinsights_sitenote_active":false,"_monsterinsights_sitenote_note":"","_monsterinsights_sitenote_category":0},"product_brand":[],"product_cat":[27],"product_tag":[],"class_list":{"0":"post-2825","1":"product","2":"type-product","3":"status-publish","6":"product_cat-mama","8":"first","9":"instock","10":"shipping-taxable","11":"purchasable","12":"product-type-variable"},"_links":{"self":[{"href":"https:\/\/minimundo.cl\/index.php?rest_route=\/wp\/v2\/product\/2825","targetHints":{"allow":["GET"]}}],"collection":[{"href":"https:\/\/minimundo.cl\/index.php?rest_route=\/wp\/v2\/product"}],"about":[{"href":"https:\/\/minimundo.cl\/index.php?rest_route=\/wp\/v2\/types\/product"}],"replies":[{"embeddable":true,"href":"https:\/\/minimundo.cl\/index.php?rest_route=%2Fwp%2Fv2%2Fcomments&post=2825"}],"wp:featuredmedia":[{"embeddable":true,"href":"https:\/\/minimundo.cl\/index.php?rest_route=\/wp\/v2\/media\/2811"}],"wp:attachment":[{"href":"https:\/\/minimundo.cl\/index.php?rest_route=%2Fwp%2Fv2%2Fmedia&parent=2825"}],"wp:term":[{"taxonomy":"product_brand","embeddable":true,"href":"https:\/\/minimundo.cl\/index.php?rest_route=%2Fwp%2Fv2%2Fproduct_brand&post=2825"},{"taxonomy":"product_cat","embeddable":true,"href":"https:\/\/minimundo.cl\/index.php?rest_route=%2Fwp%2Fv2%2Fproduct_cat&post=2825"},{"taxonomy":"product_tag","embeddable":true,"href":"https:\/\/minimundo.cl\/index.php?rest_route=%2Fwp%2Fv2%2Fproduct_tag&post=2825"}],"curies":[{"name":"wp","href":"https:\/\/api.w.org\/{rel}","templated":true}]}}