{"id":2822,"date":"2025-08-01T13:44:29","date_gmt":"2025-08-01T16:44:29","guid":{"rendered":"https:\/\/minimundo.cl\/?product=bolso-maternal-5-piezas"},"modified":"2025-08-15T14:28:09","modified_gmt":"2025-08-15T17:28:09","slug":"bolso-maternal-5-piezas","status":"publish","type":"product","link":"https:\/\/minimundo.cl\/?product=bolso-maternal-5-piezas","title":{"rendered":"Bolso maternal 5 piezas"},"content":{"rendered":"<p>Este completo bolso maternal incluye cinco piezas esenciales para las salidas con tu beb\u00e9. Con dise\u00f1o moderno y m\u00faltiples compartimientos, es ideal para llevar mamaderas, pa\u00f1ales, ropa y accesorios. Fabricado en materiales resistentes y f\u00e1ciles de limpiar, te ofrece funcionalidad y estilo en todo momento.<br \/>\nIncluye: 1 bolso grande, 1 bolso mediano, cambiador, porta mamadera con cierre y manija, porta cosm\u00e9ticos con cierre y manija.<br \/>\nBolso grande 41*32*19cm<br \/>\nBolso peque\u00f1o 31*28*13cm<br \/>\nBolso de comida mide 13*12*6,7cm<br \/>\nBolso de biber\u00f3n di\u00e1metro 7.5cm, alto 20cm<br \/>\nCambiador 52*31 cm<\/p>\n","protected":false},"excerpt":{"rendered":"<p>Bolso maternal 5 piezas<\/p>\n","protected":false},"featured_media":2807,"comment_status":"open","ping_status":"closed","template":"","meta":{"_monsterinsights_skip_tracking":false,"_monsterinsights_sitenote_active":false,"_monsterinsights_sitenote_note":"","_monsterinsights_sitenote_category":0},"product_brand":[],"product_cat":[27],"product_tag":[],"class_list":{"0":"post-2822","1":"product","2":"type-product","3":"status-publish","6":"product_cat-mama","8":"first","9":"instock","10":"shipping-taxable","11":"purchasable","12":"product-type-variable"},"_links":{"self":[{"href":"https:\/\/minimundo.cl\/index.php?rest_route=\/wp\/v2\/product\/2822","targetHints":{"allow":["GET"]}}],"collection":[{"href":"https:\/\/minimundo.cl\/index.php?rest_route=\/wp\/v2\/product"}],"about":[{"href":"https:\/\/minimundo.cl\/index.php?rest_route=\/wp\/v2\/types\/product"}],"replies":[{"embeddable":true,"href":"https:\/\/minimundo.cl\/index.php?rest_route=%2Fwp%2Fv2%2Fcomments&post=2822"}],"wp:featuredmedia":[{"embeddable":true,"href":"https:\/\/minimundo.cl\/index.php?rest_route=\/wp\/v2\/media\/2807"}],"wp:attachment":[{"href":"https:\/\/minimundo.cl\/index.php?rest_route=%2Fwp%2Fv2%2Fmedia&parent=2822"}],"wp:term":[{"taxonomy":"product_brand","embeddable":true,"href":"https:\/\/minimundo.cl\/index.php?rest_route=%2Fwp%2Fv2%2Fproduct_brand&post=2822"},{"taxonomy":"product_cat","embeddable":true,"href":"https:\/\/minimundo.cl\/index.php?rest_route=%2Fwp%2Fv2%2Fproduct_cat&post=2822"},{"taxonomy":"product_tag","embeddable":true,"href":"https:\/\/minimundo.cl\/index.php?rest_route=%2Fwp%2Fv2%2Fproduct_tag&post=2822"}],"curies":[{"name":"wp","href":"https:\/\/api.w.org\/{rel}","templated":true}]}}